{"id":488,"date":"2016-04-13T10:38:36","date_gmt":"2016-04-13T08:38:36","guid":{"rendered":"http:\/\/www.lacavallina.eu\/territorio\/?lang=en"},"modified":"2024-10-04T11:07:28","modified_gmt":"2024-10-04T09:07:28","slug":"territory","status":"publish","type":"page","link":"https:\/\/lacavallina.customerserver0144005.eurhosting.net\/en\/territory\/","title":{"rendered":"Territory"},"content":{"rendered":"<p><div class=\"fusion-fullwidth fullwidth-box fusion-builder-row-1 nonhundred-percent-fullwidth non-hundred-percent-height-scrolling fusion-equal-height-columns\" style=\"--awb-background-position:left top;--awb-border-sizes-top:0px;--awb-border-sizes-bottom:0px;--awb-border-sizes-left:0px;--awb-border-sizes-right:0px;--awb-border-radius-top-left:0px;--awb-border-radius-top-right:0px;--awb-border-radius-bottom-right:0px;--awb-border-radius-bottom-left:0px;--awb-padding-top:20px;--awb-padding-bottom:20px;--awb-flex-wrap:wrap;\" ><div class=\"fusion-builder-row fusion-row\"><div class=\"fusion-layout-column fusion_builder_column fusion-builder-column-0 fusion_builder_column_3_5 3_5 fusion-three-fifth fusion-column-first\" style=\"--awb-bg-size:cover;width:58.4%; margin-right: 4%;\"><div class=\"fusion-column-wrapper fusion-flex-column-wrapper-legacy\"><div class=\"fusion-text fusion-text-1\"><h1><strong>Territory<\/strong><\/h1>\n<\/div><div class=\"fusion-text fusion-text-2\"><p>\u201cTuscany\u201d is \u201cthe olive oil\u201d. So it is for its story and its hills. So it is surely not for the quantities produced rather for the quality and tipicality of the Tuscan product. The Tuscan countryside shows proudly its olive trees since centuries and centuries, be them on the gentle hills or the terracings of the Montalbano hill. Olive tree as \u201c<em>Genius Loci<\/em>\u201d.<\/p>\n<p>Tuscany without olive trees is something \u201cunthinkable\u201d; it is really impossible to imagine the Montalbano hill without its olive trees. That\u2019s why the devastating frost of January1985 has changed the panorama of our hills for decades.<\/p>\n<p>The Montalbano hill divides the plain of Pistoia-Prato-Firenze from Valdinievole, Montecatini Terme, Padule of Fucecchio Marshlands, Empoli. The Southern-Western area looks towards the Tyrrhenian Sea and its climate benefits from the sea influence.<\/p>\n<p>The area has also a strategic position for visiting both the Tuscan art cities and the small villages on the Leonardo da Vinci hills or the natural beauties of the Montalbano area and the Padule of Fucecchio Marshlands.<\/p>\n<p>If you are going to visit us to taste our oil or to stay in our <em>Fienile<\/em> (hayloft) we have completed to refurbish, you will be a stone\u2019s throw away from the Montalbano paths or the protected fauna of the Padule, full of herons and storks. By the way, also our Podere is full of hawks, buzzards, bee eaters, hoopoes.<\/p>\n<p>When you will stay at our <em>Fienile<\/em>, we will give you all information about what the territory can offer, so to make your stay really full of experiences to remember.<\/p>\n<p>To book your experiential &#8211; and relaxing &#8211; stay at our <em>Fienile<\/em>, go to our webpage <a href=\"http:\/\/www.lacavallina.eu\/en\/hospitality\/\" target=\"_blank\" rel=\"noopener\">Hospitality<\/a>.<\/p>\n<\/div><div class=\"fusion-button-wrapper\"><a class=\"fusion-button button-flat fusion-button-default-size button-default fusion-button-default button-1 fusion-button-default-span fusion-button-default-type\" target=\"_self\" href=\"\/en\/hospitality\/\"><span class=\"fusion-button-text\">DISCOVER OUR BARN<\/span><\/a><\/div><div class=\"fusion-clearfix\"><\/div><\/div><\/div><div class=\"fusion-layout-column fusion_builder_column fusion-builder-column-1 fusion_builder_column_2_5 2_5 fusion-two-fifth fusion-column-last\" style=\"--awb-bg-size:cover;width:37.6%;\"><div class=\"fusion-column-wrapper fusion-flex-column-wrapper-legacy\"><div class=\"fusion-image-element fusion-image-align-center in-legacy-container\" style=\"text-align:center;--awb-caption-title-font-family:var(--h2_typography-font-family);--awb-caption-title-font-weight:var(--h2_typography-font-weight);--awb-caption-title-font-style:var(--h2_typography-font-style);--awb-caption-title-size:var(--h2_typography-font-size);--awb-caption-title-transform:var(--h2_typography-text-transform);--awb-caption-title-line-height:var(--h2_typography-line-height);--awb-caption-title-letter-spacing:var(--h2_typography-letter-spacing);\"><div class=\"imageframe-align-center\"><span class=\" fusion-imageframe imageframe-none imageframe-1 hover-type-none\"><a href=\"http:\/\/www.lacavallina.eu\/wp-content\/uploads\/montalbano.jpg\" class=\"fusion-lightbox\" data-rel=\"iLightbox[e0d66249db71e77e8df]\"><img decoding=\"async\" src=\"http:\/\/www.lacavallina.eu\/wp-content\/uploads\/montalbano.jpg\" alt class=\"img-responsive\"\/><\/a><\/span><\/div><\/div><div class=\"fusion-sep-clear\"><\/div><div class=\"fusion-separator fusion-full-width-sep\" style=\"margin-left: auto;margin-right: auto;margin-top:10px;margin-bottom:10px;width:100%;\"><\/div><div class=\"fusion-sep-clear\"><\/div><div class=\"fusion-image-element fusion-image-align-center in-legacy-container\" style=\"text-align:center;--awb-caption-title-font-family:var(--h2_typography-font-family);--awb-caption-title-font-weight:var(--h2_typography-font-weight);--awb-caption-title-font-style:var(--h2_typography-font-style);--awb-caption-title-size:var(--h2_typography-font-size);--awb-caption-title-transform:var(--h2_typography-text-transform);--awb-caption-title-line-height:var(--h2_typography-line-height);--awb-caption-title-letter-spacing:var(--h2_typography-letter-spacing);\"><div class=\"imageframe-align-center\"><span class=\" fusion-imageframe imageframe-none imageframe-2 hover-type-none\"><a href=\"http:\/\/www.lacavallina.eu\/wp-content\/uploads\/cartina-montalbano.jpg\" class=\"fusion-lightbox\" data-rel=\"iLightbox[ab225de5d624d9ea78b]\"><img decoding=\"async\" src=\"http:\/\/www.lacavallina.eu\/wp-content\/uploads\/cartina-montalbano.jpg\" alt class=\"img-responsive\"\/><\/a><\/span><\/div><\/div><div class=\"fusion-text fusion-text-3\"><p><em>Montalbano<\/em><\/p>\n<\/div><div class=\"fusion-clearfix\"><\/div><\/div><\/div><\/div><\/div><div class=\"fusion-fullwidth fullwidth-box fusion-builder-row-2 hundred-percent-fullwidth non-hundred-percent-height-scrolling\" style=\"--awb-border-radius-top-left:0px;--awb-border-radius-top-right:0px;--awb-border-radius-bottom-right:0px;--awb-border-radius-bottom-left:0px;--awb-overflow:visible;--awb-flex-wrap:wrap;\" ><div class=\"fusion-builder-row fusion-row\"><div class=\"fusion-layout-column fusion_builder_column fusion-builder-column-2 fusion_builder_column_1_1 1_1 fusion-one-full fusion-column-first fusion-column-last fusion-column-no-min-height\" style=\"--awb-bg-size:cover;\"><div class=\"fusion-column-wrapper fusion-flex-column-wrapper-legacy\"><div class=\"fusion-image-carousel fusion-image-carousel-auto fusion-image-carousel-1 lightbox-enabled\"><div class=\"awb-carousel awb-swiper awb-swiper-carousel\" data-autoplay=\"yes\" data-columns=\"2\" data-itemmargin=\"5\" data-itemwidth=\"180\" data-touchscroll=\"no\" data-imagesize=\"auto\" style=\"--awb-columns:2;--awb-column-spacing:5px;\"><div class=\"swiper-wrapper awb-image-carousel-wrapper fusion-flex-align-items-center\"><div class=\"swiper-slide\"><div class=\"fusion-carousel-item-wrapper\"><div class=\"fusion-image-wrapper hover-type-none\"><a data-rel=\"iLightbox[image_carousel_1]\" data-title=\"Sentieri del Montalbano\" aria-label=\"Sentieri del Montalbano\" href=\"https:\/\/www.lacavallina.eu\/wp-content\/uploads\/\/passignano-300x200.jpg\" target=\"_self\"><img decoding=\"async\" width=\"900\" height=\"600\" src=\"https:\/\/lacavallina.customerserver0144005.eurhosting.net\/wp-content\/uploads\/passignano.jpg\" class=\"attachment-full size-full\" alt=\"Sentieri del Montalbano \" \/><\/a><\/div><\/div><\/div><div class=\"swiper-slide\"><div class=\"fusion-carousel-item-wrapper\"><div class=\"fusion-image-wrapper hover-type-none\"><a data-rel=\"iLightbox[image_carousel_1]\" data-title=\"Sentieri del Montalbano\" aria-label=\"Sentieri del Montalbano\" href=\"https:\/\/www.lacavallina.eu\/wp-content\/uploads\/\/sentiero-montalbano-300x200.jpg\" target=\"_self\"><img decoding=\"async\" width=\"900\" height=\"600\" src=\"https:\/\/lacavallina.customerserver0144005.eurhosting.net\/wp-content\/uploads\/sentiero-montalbano.jpg\" class=\"attachment-full size-full\" alt=\"Sentieri del Montalbano \" \/><\/a><\/div><\/div><\/div><div class=\"swiper-slide\"><div class=\"fusion-carousel-item-wrapper\"><div class=\"fusion-image-wrapper hover-type-none\"><a data-rel=\"iLightbox[image_carousel_1]\" data-title=\"Fauna del Padule &#8211; Airone\" aria-label=\"Fauna del Padule &#8211; Airone\" href=\"https:\/\/www.lacavallina.eu\/wp-content\/uploads\/\/airone-300x200.jpg\" target=\"_self\"><img decoding=\"async\" width=\"900\" height=\"600\" src=\"https:\/\/lacavallina.customerserver0144005.eurhosting.net\/wp-content\/uploads\/airone.jpg\" class=\"attachment-full size-full\" alt=\"Airone\" \/><\/a><\/div><\/div><\/div><div class=\"swiper-slide\"><div class=\"fusion-carousel-item-wrapper\"><div class=\"fusion-image-wrapper hover-type-none\"><a data-rel=\"iLightbox[image_carousel_1]\" data-title=\"Fauna del Padule &#8211; Poiana\" aria-label=\"Fauna del Padule &#8211; Poiana\" href=\"https:\/\/www.lacavallina.eu\/wp-content\/uploads\/\/lacavallina-300x200.jpg\" target=\"_self\"><img decoding=\"async\" width=\"900\" height=\"600\" src=\"https:\/\/lacavallina.customerserver0144005.eurhosting.net\/wp-content\/uploads\/lacavallina.jpg\" class=\"attachment-full size-full\" alt=\"Poiana\" \/><\/a><\/div><\/div><\/div><div class=\"swiper-slide\"><div class=\"fusion-carousel-item-wrapper\"><div class=\"fusion-image-wrapper hover-type-none\"><a data-rel=\"iLightbox[image_carousel_1]\" data-title=\"Fauna del Padule &#8211; Upupa\" aria-label=\"Fauna del Padule &#8211; Upupa\" href=\"https:\/\/www.lacavallina.eu\/wp-content\/uploads\/\/upupe-300x200.jpg\" target=\"_self\"><img decoding=\"async\" width=\"900\" height=\"600\" src=\"https:\/\/lacavallina.customerserver0144005.eurhosting.net\/wp-content\/uploads\/upupe.jpg\" class=\"attachment-full size-full\" alt=\"Upupa\" \/><\/a><\/div><\/div><\/div><\/div><div class=\"awb-swiper-button awb-swiper-button-prev\"><i class=\"awb-icon-angle-left\" aria-hidden=\"true\"><\/i><\/div><div class=\"awb-swiper-button awb-swiper-button-next\"><i class=\"awb-icon-angle-right\" aria-hidden=\"true\"><\/i><\/div><\/div><\/div><div class=\"fusion-text fusion-text-4\"><p><em>Montalbano paths and Padule fauna<\/em><\/p>\n<\/div><div class=\"fusion-clearfix\"><\/div><\/div><\/div><\/div><\/div><\/p>\n","protected":false},"excerpt":{"rendered":"","protected":false},"author":2,"featured_media":0,"parent":0,"menu_order":0,"comment_status":"closed","ping_status":"closed","template":"","meta":{"footnotes":""},"class_list":["post-488","page","type-page","status-publish","hentry"],"yoast_head":"<!-- This site is optimized with the Yoast SEO plugin v26.9 - https:\/\/yoast.com\/product\/yoast-seo-wordpress\/ -->\n<title>Olio Extravergine di Oliva IGP ISCR - Azienda agricola La Cavallina<\/title>\n<meta name=\"description\" content=\"La Toscana \u00e8 L\u2019olio, lo \u00e8 per la propria storia , per le proprie colline. Lo \u00e8 certamente non per le quantit\u00e0 prodotte, ma per la qualit\u00e0 e la tipicit\u00e0 del proprio olio. La campagna Toscana \u00e8 segnata dalla presenza dell\u2019olivo, sia che si tratti delle colline pi\u00f9 dolci o dei terrazzamenti del Montalbano. Olivo quasi come Genius Loci.\" \/>\n<meta name=\"robots\" content=\"index, follow, max-snippet:-1, max-image-preview:large, max-video-preview:-1\" \/>\n<link rel=\"canonical\" href=\"https:\/\/lacavallina.customerserver0144005.eurhosting.net\/en\/territory\/\" \/>\n<meta property=\"og:locale\" content=\"en_US\" \/>\n<meta property=\"og:type\" content=\"article\" \/>\n<meta property=\"og:title\" content=\"Olio Extravergine di Oliva IGP ISCR - Azienda agricola La Cavallina\" \/>\n<meta property=\"og:description\" content=\"La Toscana \u00e8 L\u2019olio, lo \u00e8 per la propria storia , per le proprie colline. Lo \u00e8 certamente non per le quantit\u00e0 prodotte, ma per la qualit\u00e0 e la tipicit\u00e0 del proprio olio. La campagna Toscana \u00e8 segnata dalla presenza dell\u2019olivo, sia che si tratti delle colline pi\u00f9 dolci o dei terrazzamenti del Montalbano. Olivo quasi come Genius Loci.\" \/>\n<meta property=\"og:url\" content=\"https:\/\/lacavallina.customerserver0144005.eurhosting.net\/en\/territory\/\" \/>\n<meta property=\"og:site_name\" content=\"La Cavallina\" \/>\n<meta property=\"article:publisher\" content=\"https:\/\/www.facebook.com\/Azienda-Agricola-La-Cavallina-175648026117578\" \/>\n<meta property=\"article:modified_time\" content=\"2024-10-04T09:07:28+00:00\" \/>\n<meta property=\"og:image\" content=\"http:\/\/www.lacavallina.eu\/wp-content\/uploads\/montalbano.jpg\" \/>\n<meta name=\"twitter:card\" content=\"summary_large_image\" \/>\n<meta name=\"twitter:label1\" content=\"Est. reading time\" \/>\n\t<meta name=\"twitter:data1\" content=\"3 minutes\" \/>\n<script type=\"application\/ld+json\" class=\"yoast-schema-graph\">{\"@context\":\"https:\/\/schema.org\",\"@graph\":[{\"@type\":\"WebPage\",\"@id\":\"https:\/\/lacavallina.customerserver0144005.eurhosting.net\/en\/territory\/\",\"url\":\"https:\/\/lacavallina.customerserver0144005.eurhosting.net\/en\/territory\/\",\"name\":\"Olio Extravergine di Oliva IGP ISCR - Azienda agricola La Cavallina\",\"isPartOf\":{\"@id\":\"https:\/\/lacavallina.customerserver0144005.eurhosting.net\/en\/#website\"},\"primaryImageOfPage\":{\"@id\":\"https:\/\/lacavallina.customerserver0144005.eurhosting.net\/en\/territory\/#primaryimage\"},\"image\":{\"@id\":\"https:\/\/lacavallina.customerserver0144005.eurhosting.net\/en\/territory\/#primaryimage\"},\"thumbnailUrl\":\"http:\/\/www.lacavallina.eu\/wp-content\/uploads\/montalbano.jpg\",\"datePublished\":\"2016-04-13T08:38:36+00:00\",\"dateModified\":\"2024-10-04T09:07:28+00:00\",\"description\":\"La Toscana \u00e8 L\u2019olio, lo \u00e8 per la propria storia , per le proprie colline. Lo \u00e8 certamente non per le quantit\u00e0 prodotte, ma per la qualit\u00e0 e la tipicit\u00e0 del proprio olio. La campagna Toscana \u00e8 segnata dalla presenza dell\u2019olivo, sia che si tratti delle colline pi\u00f9 dolci o dei terrazzamenti del Montalbano. Olivo quasi come Genius Loci.\",\"breadcrumb\":{\"@id\":\"https:\/\/lacavallina.customerserver0144005.eurhosting.net\/en\/territory\/#breadcrumb\"},\"inLanguage\":\"en-US\",\"potentialAction\":[{\"@type\":\"ReadAction\",\"target\":[\"https:\/\/lacavallina.customerserver0144005.eurhosting.net\/en\/territory\/\"]}]},{\"@type\":\"ImageObject\",\"inLanguage\":\"en-US\",\"@id\":\"https:\/\/lacavallina.customerserver0144005.eurhosting.net\/en\/territory\/#primaryimage\",\"url\":\"http:\/\/www.lacavallina.eu\/wp-content\/uploads\/montalbano.jpg\",\"contentUrl\":\"http:\/\/www.lacavallina.eu\/wp-content\/uploads\/montalbano.jpg\"},{\"@type\":\"BreadcrumbList\",\"@id\":\"https:\/\/lacavallina.customerserver0144005.eurhosting.net\/en\/territory\/#breadcrumb\",\"itemListElement\":[{\"@type\":\"ListItem\",\"position\":1,\"name\":\"Home\",\"item\":\"https:\/\/lacavallina.customerserver0144005.eurhosting.net\/en\/\"},{\"@type\":\"ListItem\",\"position\":2,\"name\":\"Territory\"}]},{\"@type\":\"WebSite\",\"@id\":\"https:\/\/lacavallina.customerserver0144005.eurhosting.net\/en\/#website\",\"url\":\"https:\/\/lacavallina.customerserver0144005.eurhosting.net\/en\/\",\"name\":\"La Cavallina\",\"description\":\"Azienda agricola\",\"potentialAction\":[{\"@type\":\"SearchAction\",\"target\":{\"@type\":\"EntryPoint\",\"urlTemplate\":\"https:\/\/lacavallina.customerserver0144005.eurhosting.net\/en\/?s={search_term_string}\"},\"query-input\":{\"@type\":\"PropertyValueSpecification\",\"valueRequired\":true,\"valueName\":\"search_term_string\"}}],\"inLanguage\":\"en-US\"}]}<\/script>\n<!-- \/ Yoast SEO plugin. -->","yoast_head_json":{"title":"Olio Extravergine di Oliva IGP ISCR - Azienda agricola La Cavallina","description":"La Toscana \u00e8 L\u2019olio, lo \u00e8 per la propria storia , per le proprie colline. Lo \u00e8 certamente non per le quantit\u00e0 prodotte, ma per la qualit\u00e0 e la tipicit\u00e0 del proprio olio. La campagna Toscana \u00e8 segnata dalla presenza dell\u2019olivo, sia che si tratti delle colline pi\u00f9 dolci o dei terrazzamenti del Montalbano. Olivo quasi come Genius Loci.","robots":{"index":"index","follow":"follow","max-snippet":"max-snippet:-1","max-image-preview":"max-image-preview:large","max-video-preview":"max-video-preview:-1"},"canonical":"https:\/\/lacavallina.customerserver0144005.eurhosting.net\/en\/territory\/","og_locale":"en_US","og_type":"article","og_title":"Olio Extravergine di Oliva IGP ISCR - Azienda agricola La Cavallina","og_description":"La Toscana \u00e8 L\u2019olio, lo \u00e8 per la propria storia , per le proprie colline. Lo \u00e8 certamente non per le quantit\u00e0 prodotte, ma per la qualit\u00e0 e la tipicit\u00e0 del proprio olio. La campagna Toscana \u00e8 segnata dalla presenza dell\u2019olivo, sia che si tratti delle colline pi\u00f9 dolci o dei terrazzamenti del Montalbano. Olivo quasi come Genius Loci.","og_url":"https:\/\/lacavallina.customerserver0144005.eurhosting.net\/en\/territory\/","og_site_name":"La Cavallina","article_publisher":"https:\/\/www.facebook.com\/Azienda-Agricola-La-Cavallina-175648026117578","article_modified_time":"2024-10-04T09:07:28+00:00","og_image":[{"url":"http:\/\/www.lacavallina.eu\/wp-content\/uploads\/montalbano.jpg","type":"","width":"","height":""}],"twitter_card":"summary_large_image","twitter_misc":{"Est. reading time":"3 minutes"},"schema":{"@context":"https:\/\/schema.org","@graph":[{"@type":"WebPage","@id":"https:\/\/lacavallina.customerserver0144005.eurhosting.net\/en\/territory\/","url":"https:\/\/lacavallina.customerserver0144005.eurhosting.net\/en\/territory\/","name":"Olio Extravergine di Oliva IGP ISCR - Azienda agricola La Cavallina","isPartOf":{"@id":"https:\/\/lacavallina.customerserver0144005.eurhosting.net\/en\/#website"},"primaryImageOfPage":{"@id":"https:\/\/lacavallina.customerserver0144005.eurhosting.net\/en\/territory\/#primaryimage"},"image":{"@id":"https:\/\/lacavallina.customerserver0144005.eurhosting.net\/en\/territory\/#primaryimage"},"thumbnailUrl":"http:\/\/www.lacavallina.eu\/wp-content\/uploads\/montalbano.jpg","datePublished":"2016-04-13T08:38:36+00:00","dateModified":"2024-10-04T09:07:28+00:00","description":"La Toscana \u00e8 L\u2019olio, lo \u00e8 per la propria storia , per le proprie colline. Lo \u00e8 certamente non per le quantit\u00e0 prodotte, ma per la qualit\u00e0 e la tipicit\u00e0 del proprio olio. La campagna Toscana \u00e8 segnata dalla presenza dell\u2019olivo, sia che si tratti delle colline pi\u00f9 dolci o dei terrazzamenti del Montalbano. Olivo quasi come Genius Loci.","breadcrumb":{"@id":"https:\/\/lacavallina.customerserver0144005.eurhosting.net\/en\/territory\/#breadcrumb"},"inLanguage":"en-US","potentialAction":[{"@type":"ReadAction","target":["https:\/\/lacavallina.customerserver0144005.eurhosting.net\/en\/territory\/"]}]},{"@type":"ImageObject","inLanguage":"en-US","@id":"https:\/\/lacavallina.customerserver0144005.eurhosting.net\/en\/territory\/#primaryimage","url":"http:\/\/www.lacavallina.eu\/wp-content\/uploads\/montalbano.jpg","contentUrl":"http:\/\/www.lacavallina.eu\/wp-content\/uploads\/montalbano.jpg"},{"@type":"BreadcrumbList","@id":"https:\/\/lacavallina.customerserver0144005.eurhosting.net\/en\/territory\/#breadcrumb","itemListElement":[{"@type":"ListItem","position":1,"name":"Home","item":"https:\/\/lacavallina.customerserver0144005.eurhosting.net\/en\/"},{"@type":"ListItem","position":2,"name":"Territory"}]},{"@type":"WebSite","@id":"https:\/\/lacavallina.customerserver0144005.eurhosting.net\/en\/#website","url":"https:\/\/lacavallina.customerserver0144005.eurhosting.net\/en\/","name":"La Cavallina","description":"Azienda agricola","potentialAction":[{"@type":"SearchAction","target":{"@type":"EntryPoint","urlTemplate":"https:\/\/lacavallina.customerserver0144005.eurhosting.net\/en\/?s={search_term_string}"},"query-input":{"@type":"PropertyValueSpecification","valueRequired":true,"valueName":"search_term_string"}}],"inLanguage":"en-US"}]}},"_links":{"self":[{"href":"https:\/\/lacavallina.customerserver0144005.eurhosting.net\/en\/wp-json\/wp\/v2\/pages\/488","targetHints":{"allow":["GET"]}}],"collection":[{"href":"https:\/\/lacavallina.customerserver0144005.eurhosting.net\/en\/wp-json\/wp\/v2\/pages"}],"about":[{"href":"https:\/\/lacavallina.customerserver0144005.eurhosting.net\/en\/wp-json\/wp\/v2\/types\/page"}],"author":[{"embeddable":true,"href":"https:\/\/lacavallina.customerserver0144005.eurhosting.net\/en\/wp-json\/wp\/v2\/users\/2"}],"replies":[{"embeddable":true,"href":"https:\/\/lacavallina.customerserver0144005.eurhosting.net\/en\/wp-json\/wp\/v2\/comments?post=488"}],"version-history":[{"count":11,"href":"https:\/\/lacavallina.customerserver0144005.eurhosting.net\/en\/wp-json\/wp\/v2\/pages\/488\/revisions"}],"predecessor-version":[{"id":2999,"href":"https:\/\/lacavallina.customerserver0144005.eurhosting.net\/en\/wp-json\/wp\/v2\/pages\/488\/revisions\/2999"}],"wp:attachment":[{"href":"https:\/\/lacavallina.customerserver0144005.eurhosting.net\/en\/wp-json\/wp\/v2\/media?parent=488"}],"curies":[{"name":"wp","href":"https:\/\/api.w.org\/{rel}","templated":true}]}}